{"id":11,"date":"2025-04-23T19:28:39","date_gmt":"2025-04-23T19:28:39","guid":{"rendered":"https:\/\/andyseiler.ch\/?page_id=11"},"modified":"2025-05-26T19:32:26","modified_gmt":"2025-05-26T19:32:26","slug":"ueber-mich","status":"publish","type":"page","link":"https:\/\/andyseiler.ch\/?page_id=11","title":{"rendered":"\u00dcber mich"},"content":{"rendered":"\n<div class=\"wp-block-media-text is-stacked-on-mobile\" style=\"grid-template-columns:24% auto\"><figure class=\"wp-block-media-text__media\"><img loading=\"lazy\" decoding=\"async\" width=\"331\" height=\"467\" src=\"https:\/\/andyseiler.ch\/wp-content\/uploads\/2025\/05\/Bild1-1.png\" alt=\"\" class=\"wp-image-129 size-full\" srcset=\"https:\/\/andyseiler.ch\/wp-content\/uploads\/2025\/05\/Bild1-1.png 331w, https:\/\/andyseiler.ch\/wp-content\/uploads\/2025\/05\/Bild1-1-213x300.png 213w\" sizes=\"auto, (max-width: 331px) 100vw, 331px\" \/><\/figure><div class=\"wp-block-media-text__content\">\n<p>Seit \u00fcber 40 Jahren bin ich im Baugewerbe t\u00e4tig \u2013 Sie k\u00f6nnen also auf einen Fachmann mit jahrzehntelanger praktischer Erfahrung z\u00e4hlen. Nach meiner Ausbildung zum Landwirt habe ich den Wechsel in die Baubranche vollzogen und mich seither kontinuierlich weitergebildet, um meine fachliche Kompetenz stetig zu erweitern. Neues zu lernen und mich weiterzuentwickeln ist bis heute mein Grundsatz \u2013<br>denn man hat im Leben niemals ausgelernt. Mein breites Wissen verdanke ich nicht zuletzt den erfahrenen \u00abalten Hasen\u00bb, von denen ich in meinen fr\u00fchen Berufsjahren noch pers\u00f6nlich lernen durfte. Meine langj\u00e4hrige Erfahrung umfasst ein vielf\u00e4ltiges Spektrum an T\u00e4tigkeiten \u2013 vom Garten- und Landschaftsbau \u00fcber den Stra\u00dfen-, Tief- und Spezialtiefbau bis hin zu R\u00fcckbauarbeiten und dem Umgang mit Altlasten.<\/p>\n<\/div><\/div>\n\n\n\n<p><\/p>\n","protected":false},"excerpt":{"rendered":"<p>Seit \u00fcber 40 Jahren bin ich im Baugewerbe t\u00e4tig \u2013 Sie k\u00f6nnen also auf einen Fachmann mit jahrzehntelanger praktischer Erfahrung z\u00e4hlen. Nach meiner Ausbildung zum Landwirt habe ich den Wechsel in die Baubranche vollzogen und mich seither kontinuierlich weitergebildet, um meine fachliche Kompetenz stetig zu erweitern. Neues zu lernen und mich weiterzuentwickeln ist bis heute [&hellip;]<\/p>\n","protected":false},"author":1,"featured_media":0,"parent":0,"menu_order":0,"comment_status":"closed","ping_status":"closed","template":"","meta":{"footnotes":""},"class_list":["post-11","page","type-page","status-publish","hentry"],"_links":{"self":[{"href":"https:\/\/andyseiler.ch\/index.php?rest_route=\/wp\/v2\/pages\/11","targetHints":{"allow":["GET"]}}],"collection":[{"href":"https:\/\/andyseiler.ch\/index.php?rest_route=\/wp\/v2\/pages"}],"about":[{"href":"https:\/\/andyseiler.ch\/index.php?rest_route=\/wp\/v2\/types\/page"}],"author":[{"embeddable":true,"href":"https:\/\/andyseiler.ch\/index.php?rest_route=\/wp\/v2\/users\/1"}],"replies":[{"embeddable":true,"href":"https:\/\/andyseiler.ch\/index.php?rest_route=%2Fwp%2Fv2%2Fcomments&post=11"}],"version-history":[{"count":18,"href":"https:\/\/andyseiler.ch\/index.php?rest_route=\/wp\/v2\/pages\/11\/revisions"}],"predecessor-version":[{"id":149,"href":"https:\/\/andyseiler.ch\/index.php?rest_route=\/wp\/v2\/pages\/11\/revisions\/149"}],"wp:attachment":[{"href":"https:\/\/andyseiler.ch\/index.php?rest_route=%2Fwp%2Fv2%2Fmedia&parent=11"}],"curies":[{"name":"wp","href":"https:\/\/api.w.org\/{rel}","templated":true}]}}